{"id":337,"date":"2025-12-27T00:57:31","date_gmt":"2025-12-26T23:57:31","guid":{"rendered":"https:\/\/medimeisteralumni.com\/?page_id=337"},"modified":"2026-02-01T22:38:45","modified_gmt":"2026-02-01T21:38:45","slug":"medis-2026","status":"publish","type":"page","link":"https:\/\/medimeisteralumni.com\/?page_id=337","title":{"rendered":"Medis 2026"},"content":{"rendered":"\t\t<div data-elementor-type=\"wp-page\" data-elementor-id=\"337\" class=\"elementor elementor-337\" data-elementor-post-type=\"page\">\n\t\t\t\t<div class=\"elementor-element elementor-element-285a0e6 e-flex e-con-boxed e-con e-parent\" data-id=\"285a0e6\" data-element_type=\"container\" data-e-type=\"container\">\n\t\t\t\t\t<div class=\"e-con-inner\">\n\t\t\t\t<div class=\"elementor-element elementor-element-66ce7ef elementor-widget elementor-widget-text-editor\" data-id=\"66ce7ef\" data-element_type=\"widget\" data-e-type=\"widget\" data-widget_type=\"text-editor.default\">\n\t\t\t\t<div class=\"elementor-widget-container\">\n\t\t\t\t\t\t\t\t\t<p><em>Die Ticketcodevergabe ist vorbei.\u00a0<\/em><em>Danke f\u00fcr \u00fcber 1000 eingel\u00f6ste Codes <img decoding=\"async\" class=\"emoji\" role=\"img\" draggable=\"false\" src=\"https:\/\/s.w.org\/images\/core\/emoji\/17.0.2\/svg\/1faf6.svg\" alt=\"\ud83e\udef6\" \/><\/em><\/p><p><em>Wir freuen uns auf silbrig gl\u00e4nzende Alumnium-Medis mit euch!\u00a0<\/em><\/p>\t\t\t\t\t\t\t\t<\/div>\n\t\t\t\t<\/div>\n\t\t\t\t<div class=\"elementor-element elementor-element-ea69bbe elementor-view-default elementor-widget elementor-widget-icon\" data-id=\"ea69bbe\" data-element_type=\"widget\" data-e-type=\"widget\" data-widget_type=\"icon.default\">\n\t\t\t\t<div class=\"elementor-widget-container\">\n\t\t\t\t\t\t\t<div class=\"elementor-icon-wrapper\">\n\t\t\t<div class=\"elementor-icon\">\n\t\t\t<svg aria-hidden=\"true\" class=\"e-font-icon-svg e-fas-battery-half\" viewBox=\"0 0 640 512\" xmlns=\"http:\/\/www.w3.org\/2000\/svg\"><path d=\"M544 160v64h32v64h-32v64H64V160h480m16-64H48c-26.51 0-48 21.49-48 48v224c0 26.51 21.49 48 48 48h512c26.51 0 48-21.49 48-48v-16h8c13.255 0 24-10.745 24-24V184c0-13.255-10.745-24-24-24h-8v-16c0-26.51-21.49-48-48-48zm-240 96H96v128h224V192z\"><\/path><\/svg>\t\t\t<\/div>\n\t\t<\/div>\n\t\t\t\t\t\t<\/div>\n\t\t\t\t<\/div>\n\t\t\t\t<div class=\"elementor-element elementor-element-80fda7a elementor-widget elementor-widget-text-editor\" data-id=\"80fda7a\" data-element_type=\"widget\" data-e-type=\"widget\" data-widget_type=\"text-editor.default\">\n\t\t\t\t<div class=\"elementor-widget-container\">\n\t\t\t\t\t\t\t\t\t<p><strong><em>Bald gibt\u00b4s neue Infos zu\u00a0<\/em><\/strong><\/p><p>Vereinsmitgliedschaft\u00a0<\/p><p>unserer Alumni-Area auf den Medis\u00a0<\/p><p>Fankost\u00fcm &amp; Fanwagen\u00a0<\/p>\t\t\t\t\t\t\t\t<\/div>\n\t\t\t\t<\/div>\n\t\t\t\t<div class=\"elementor-element elementor-element-af1d0d5 elementor-widget elementor-widget-image\" data-id=\"af1d0d5\" data-element_type=\"widget\" data-e-type=\"widget\" data-widget_type=\"image.default\">\n\t\t\t\t<div class=\"elementor-widget-container\">\n\t\t\t\t\t\t\t\t\t\t\t\t\t\t\t<img fetchpriority=\"high\" decoding=\"async\" width=\"800\" height=\"384\" src=\"https:\/\/medimeisteralumni.com\/wp-content\/uploads\/2025\/12\/PHOTO-2025-11-04-16-50-29-1-1024x492.jpg\" class=\"attachment-large size-large wp-image-323\" alt=\"\" srcset=\"https:\/\/medimeisteralumni.com\/wp-content\/uploads\/2025\/12\/PHOTO-2025-11-04-16-50-29-1-1024x492.jpg 1024w, https:\/\/medimeisteralumni.com\/wp-content\/uploads\/2025\/12\/PHOTO-2025-11-04-16-50-29-1-300x144.jpg 300w, https:\/\/medimeisteralumni.com\/wp-content\/uploads\/2025\/12\/PHOTO-2025-11-04-16-50-29-1-768x369.jpg 768w, https:\/\/medimeisteralumni.com\/wp-content\/uploads\/2025\/12\/PHOTO-2025-11-04-16-50-29-1.jpg 1075w\" sizes=\"(max-width: 800px) 100vw, 800px\" \/>\t\t\t\t\t\t\t\t\t\t\t\t\t\t\t<\/div>\n\t\t\t\t<\/div>\n\t\t\t\t\t<\/div>\n\t\t\t\t<\/div>\n\t\t\t\t<\/div>\n\t\t","protected":false},"excerpt":{"rendered":"<p>Die Ticketcodevergabe ist vorbei.\u00a0Danke f\u00fcr \u00fcber 1000 eingel\u00f6ste Codes Wir freuen uns auf silbrig gl\u00e4nzende Alumnium-Medis mit euch!\u00a0 Bald gibt\u00b4s neue Infos zu\u00a0 Vereinsmitgliedschaft\u00a0 unserer Alumni-Area auf den Medis\u00a0 Fankost\u00fcm &amp; Fanwagen\u00a0<\/p>\n","protected":false},"author":1,"featured_media":0,"parent":0,"menu_order":0,"comment_status":"closed","ping_status":"closed","template":"","meta":{"footnotes":""},"class_list":["post-337","page","type-page","status-publish","hentry"],"_links":{"self":[{"href":"https:\/\/medimeisteralumni.com\/index.php?rest_route=\/wp\/v2\/pages\/337","targetHints":{"allow":["GET"]}}],"collection":[{"href":"https:\/\/medimeisteralumni.com\/index.php?rest_route=\/wp\/v2\/pages"}],"about":[{"href":"https:\/\/medimeisteralumni.com\/index.php?rest_route=\/wp\/v2\/types\/page"}],"author":[{"embeddable":true,"href":"https:\/\/medimeisteralumni.com\/index.php?rest_route=\/wp\/v2\/users\/1"}],"replies":[{"embeddable":true,"href":"https:\/\/medimeisteralumni.com\/index.php?rest_route=%2Fwp%2Fv2%2Fcomments&post=337"}],"version-history":[{"count":54,"href":"https:\/\/medimeisteralumni.com\/index.php?rest_route=\/wp\/v2\/pages\/337\/revisions"}],"predecessor-version":[{"id":412,"href":"https:\/\/medimeisteralumni.com\/index.php?rest_route=\/wp\/v2\/pages\/337\/revisions\/412"}],"wp:attachment":[{"href":"https:\/\/medimeisteralumni.com\/index.php?rest_route=%2Fwp%2Fv2%2Fmedia&parent=337"}],"curies":[{"name":"wp","href":"https:\/\/api.w.org\/{rel}","templated":true}]}}