{"id":280,"date":"2025-07-08T21:37:23","date_gmt":"2025-07-08T19:37:23","guid":{"rendered":"https:\/\/medimeisteralumni.com\/?page_id=280"},"modified":"2025-07-08T21:37:55","modified_gmt":"2025-07-08T19:37:55","slug":"community","status":"publish","type":"page","link":"https:\/\/medimeisteralumni.com\/?page_id=280","title":{"rendered":"Community"},"content":{"rendered":"\t\t<div data-elementor-type=\"wp-page\" data-elementor-id=\"280\" class=\"elementor elementor-280\" data-elementor-post-type=\"page\">\n\t\t\t\t<div class=\"elementor-element elementor-element-ad4326b e-flex e-con-boxed e-con e-parent\" data-id=\"ad4326b\" data-element_type=\"container\" data-e-type=\"container\">\n\t\t\t\t\t<div class=\"e-con-inner\">\n\t\t\t\t<div class=\"elementor-element elementor-element-1051ed5 elementor-widget elementor-widget-text-editor\" data-id=\"1051ed5\" data-element_type=\"widget\" data-e-type=\"widget\" data-widget_type=\"text-editor.default\">\n\t\t\t\t<div class=\"elementor-widget-container\">\n\t\t\t\t\t\t\t\t\t<h3 data-start=\"87\" data-end=\"157\">Aufbau einer \u201eMedizin-Community\u201c zur Vernetzung f\u00fcr Studierende<\/h3>\n<hr data-start=\"159\" data-end=\"162\">\n<p data-start=\"164\" data-end=\"237\"><strong data-start=\"164\" data-end=\"237\">Gemeinsam st\u00e4rker \u2013 Vernetzung und Austausch in der Medizin-Community<\/strong><\/p>\n<p data-start=\"239\" data-end=\"565\">Der Austausch und die Vernetzung unter Medizinstudierenden sind entscheidende Faktoren f\u00fcr einen erfolgreichen Studienverlauf und den sp\u00e4teren Berufseinstieg. Deshalb engagiert sich \u201eMedimeister Alumni\u201c aktiv beim Aufbau einer lebendigen und unterst\u00fctzenden Medizin-Community, die Studierende bundesweit miteinander verbindet.<\/p>\n<p data-start=\"567\" data-end=\"593\"><strong data-start=\"567\" data-end=\"591\">Ziele der Community:<\/strong><\/p>\n<ul data-start=\"594\" data-end=\"1021\">\n<li data-start=\"594\" data-end=\"670\">\n<p data-start=\"596\" data-end=\"670\">F\u00f6rderung des kollegialen Austauschs und der gegenseitigen Unterst\u00fctzung<\/p>\n<\/li>\n<li data-start=\"671\" data-end=\"776\">\n<p data-start=\"673\" data-end=\"776\">Schaffung einer Plattform f\u00fcr Erfahrungsaustausch zu Studium, Praktika, Pr\u00fcfungen und Karriereplanung<\/p>\n<\/li>\n<li data-start=\"777\" data-end=\"849\">\n<p data-start=\"779\" data-end=\"849\">Vernetzung mit Mentor:innen, Berufsanf\u00e4nger:innen und Fach\u00e4rzt:innen<\/p>\n<\/li>\n<li data-start=\"850\" data-end=\"929\">\n<p data-start=\"852\" data-end=\"929\">Organisation von gemeinsamen Veranstaltungen, Workshops und Netzwerktreffen<\/p>\n<\/li>\n<li data-start=\"930\" data-end=\"1021\">\n<p data-start=\"932\" data-end=\"1021\">F\u00f6rderung interdisziplin\u00e4rer Zusammenarbeit und Wissenstransfer \u00fcber Fachgrenzen hinweg<\/p>\n<\/li>\n<\/ul>\n<p data-start=\"1023\" data-end=\"1060\"><strong data-start=\"1023\" data-end=\"1058\">Wie die Community funktioniert:<\/strong><\/p>\n<ul data-start=\"1061\" data-end=\"1460\">\n<li data-start=\"1061\" data-end=\"1154\">\n<p data-start=\"1063\" data-end=\"1154\">Online-Foren und Gruppen auf der Plattform bieten Raum f\u00fcr Diskussionen, Fragen und Tipps<\/p>\n<\/li>\n<li data-start=\"1155\" data-end=\"1247\">\n<p data-start=\"1157\" data-end=\"1247\">Regelm\u00e4\u00dfige virtuelle Meet-ups und regionale Treffen st\u00e4rken das pers\u00f6nliche Miteinander<\/p>\n<\/li>\n<li data-start=\"1248\" data-end=\"1378\">\n<p data-start=\"1250\" data-end=\"1378\">Spezielle Interessensgruppen (z. B. f\u00fcr bestimmte Fachrichtungen oder Forschungsgebiete) erm\u00f6glichen zielgerichteten Austausch<\/p>\n<\/li>\n<li data-start=\"1379\" data-end=\"1460\">\n<p data-start=\"1381\" data-end=\"1460\">Gemeinsame Projekte und Initiativen f\u00f6rdern aktives Engagement und Teamarbeit<\/p>\n<\/li>\n<\/ul>\n<p data-start=\"1462\" data-end=\"1492\"><strong data-start=\"1462\" data-end=\"1490\">Vorteile f\u00fcr Mitglieder:<\/strong><\/p>\n<ul data-start=\"1493\" data-end=\"1769\">\n<li data-start=\"1493\" data-end=\"1568\">\n<p data-start=\"1495\" data-end=\"1568\">Schneller Zugang zu Informationen und Unterst\u00fctzung von Gleichgesinnten<\/p>\n<\/li>\n<li data-start=\"1569\" data-end=\"1645\">\n<p data-start=\"1571\" data-end=\"1645\">Aufbau eines wertvollen beruflichen Netzwerks schon w\u00e4hrend des Studiums<\/p>\n<\/li>\n<li data-start=\"1646\" data-end=\"1698\">\n<p data-start=\"1648\" data-end=\"1698\">F\u00f6rderung sozialer Kompetenzen und Teamf\u00e4higkeit<\/p>\n<\/li>\n<li data-start=\"1699\" data-end=\"1769\">\n<p data-start=\"1701\" data-end=\"1769\">M\u00f6glichkeit, eigene Ideen und Projekte einzubringen und umzusetzen<\/p>\n<\/li>\n<\/ul>\n<p data-start=\"1771\" data-end=\"2046\"><strong data-start=\"1771\" data-end=\"1787\">Perspektive:<\/strong><br data-start=\"1787\" data-end=\"1790\">Wir arbeiten kontinuierlich daran, die Medizin-Community auszubauen und den Austausch noch vielf\u00e4ltiger zu gestalten. Ziel ist es, eine starke, unterst\u00fctzende Gemeinschaft zu etablieren, die den Berufsstart erleichtert und lebenslange Verbindungen schafft.<\/p>\t\t\t\t\t\t\t\t<\/div>\n\t\t\t\t<\/div>\n\t\t\t\t\t<\/div>\n\t\t\t\t<\/div>\n\t\t\t\t<\/div>\n\t\t","protected":false},"excerpt":{"rendered":"<p>Aufbau einer \u201eMedizin-Community\u201c zur Vernetzung f\u00fcr Studierende Gemeinsam st\u00e4rker \u2013 Vernetzung und Austausch in der Medizin-Community Der Austausch und die Vernetzung unter Medizinstudierenden sind entscheidende Faktoren f\u00fcr einen erfolgreichen Studienverlauf und den sp\u00e4teren Berufseinstieg. Deshalb engagiert sich \u201eMedimeister Alumni\u201c aktiv beim Aufbau einer lebendigen und unterst\u00fctzenden Medizin-Community, die Studierende bundesweit miteinander verbindet. Ziele der Community: [&hellip;]<\/p>\n","protected":false},"author":1,"featured_media":0,"parent":0,"menu_order":0,"comment_status":"closed","ping_status":"closed","template":"","meta":{"footnotes":""},"class_list":["post-280","page","type-page","status-publish","hentry"],"_links":{"self":[{"href":"https:\/\/medimeisteralumni.com\/index.php?rest_route=\/wp\/v2\/pages\/280","targetHints":{"allow":["GET"]}}],"collection":[{"href":"https:\/\/medimeisteralumni.com\/index.php?rest_route=\/wp\/v2\/pages"}],"about":[{"href":"https:\/\/medimeisteralumni.com\/index.php?rest_route=\/wp\/v2\/types\/page"}],"author":[{"embeddable":true,"href":"https:\/\/medimeisteralumni.com\/index.php?rest_route=\/wp\/v2\/users\/1"}],"replies":[{"embeddable":true,"href":"https:\/\/medimeisteralumni.com\/index.php?rest_route=%2Fwp%2Fv2%2Fcomments&post=280"}],"version-history":[{"count":4,"href":"https:\/\/medimeisteralumni.com\/index.php?rest_route=\/wp\/v2\/pages\/280\/revisions"}],"predecessor-version":[{"id":284,"href":"https:\/\/medimeisteralumni.com\/index.php?rest_route=\/wp\/v2\/pages\/280\/revisions\/284"}],"wp:attachment":[{"href":"https:\/\/medimeisteralumni.com\/index.php?rest_route=%2Fwp%2Fv2%2Fmedia&parent=280"}],"curies":[{"name":"wp","href":"https:\/\/api.w.org\/{rel}","templated":true}]}}