{"id":219,"date":"2025-07-08T20:44:54","date_gmt":"2025-07-08T18:44:54","guid":{"rendered":"https:\/\/medimeisteralumni.com\/?page_id=219"},"modified":"2025-07-08T21:44:45","modified_gmt":"2025-07-08T19:44:45","slug":"aufklaerung","status":"publish","type":"page","link":"https:\/\/medimeisteralumni.com\/?page_id=219","title":{"rendered":"Aufkl\u00e4rung"},"content":{"rendered":"\t\t<div data-elementor-type=\"wp-page\" data-elementor-id=\"219\" class=\"elementor elementor-219\" data-elementor-post-type=\"page\">\n\t\t\t\t<div class=\"elementor-element elementor-element-a171b1f e-flex e-con-boxed e-con e-parent\" data-id=\"a171b1f\" data-element_type=\"container\" data-e-type=\"container\">\n\t\t\t\t\t<div class=\"e-con-inner\">\n\t\t\t\t<div class=\"elementor-element elementor-element-4d2e05a elementor-widget elementor-widget-text-editor\" data-id=\"4d2e05a\" data-element_type=\"widget\" data-e-type=\"widget\" data-widget_type=\"text-editor.default\">\n\t\t\t\t<div class=\"elementor-widget-container\">\n\t\t\t\t\t\t\t\t\t<h3 data-start=\"88\" data-end=\"140\">Medizinische Aufkl\u00e4rung und Pr\u00e4ventionsarbeit<\/h3>\n<hr data-start=\"142\" data-end=\"145\">\n<p data-start=\"147\" data-end=\"234\"><strong data-start=\"147\" data-end=\"234\">Gesundheit f\u00f6rdern \u2013 Aufkl\u00e4rung und Pr\u00e4vention als Grundlage f\u00fcr ein besseres Leben<\/strong><\/p>\n<p data-start=\"236\" data-end=\"548\">Die F\u00f6rderung von Gesundheit und Pr\u00e4vention ist ein zentrales Anliegen des Vereins \u201eMedimeister Alumni\u201c. Mit gezielten Aufkl\u00e4rungsprogrammen und Pr\u00e4ventionsangeboten wollen wir dazu beitragen, die Bev\u00f6lkerung \u00fcber wichtige Gesundheitsfragen zu informieren und das Bewusstsein f\u00fcr pr\u00e4ventive Ma\u00dfnahmen zu st\u00e4rken.<\/p>\n<p data-start=\"550\" data-end=\"576\"><strong data-start=\"550\" data-end=\"574\">Unsere Schwerpunkte:<\/strong><\/p>\n<ul data-start=\"577\" data-end=\"1546\">\n<li data-start=\"577\" data-end=\"779\">\n<p data-start=\"579\" data-end=\"779\"><strong data-start=\"579\" data-end=\"605\">Informationskampagnen:<\/strong> Entwicklung und Verbreitung von verst\u00e4ndlichen und wissenschaftlich fundierten Materialien zu Themen wie Ern\u00e4hrung, Bewegung, Stressbew\u00e4ltigung und Vorsorgeuntersuchungen.<\/p>\n<\/li>\n<li data-start=\"780\" data-end=\"981\">\n<p data-start=\"782\" data-end=\"981\"><strong data-start=\"782\" data-end=\"809\">Workshops und Vortr\u00e4ge:<\/strong> Organisation von Veranstaltungen f\u00fcr verschiedene Zielgruppen \u2013 von Sch\u00fcler:innen \u00fcber Studierende bis zu Senior:innen \u2013 um Wissen praxisnah und lebensnah zu vermitteln.<\/p>\n<\/li>\n<li data-start=\"982\" data-end=\"1177\">\n<p data-start=\"984\" data-end=\"1177\"><strong data-start=\"984\" data-end=\"1002\">Kooperationen:<\/strong> Zusammenarbeit mit Schulen, \u00f6ffentlichen Einrichtungen, Kliniken und anderen gemeinn\u00fctzigen Organisationen, um Reichweite und Effektivit\u00e4t der Pr\u00e4ventionsarbeit zu erh\u00f6hen.<\/p>\n<\/li>\n<li data-start=\"1178\" data-end=\"1354\">\n<p data-start=\"1180\" data-end=\"1354\"><strong data-start=\"1180\" data-end=\"1202\">Digitale Angebote:<\/strong> Nutzung moderner Medien und sozialer Netzwerke, um gesundheitsrelevante Inhalte breit zug\u00e4nglich zu machen und interaktive Aufkl\u00e4rung zu erm\u00f6glichen.<\/p>\n<\/li>\n<li data-start=\"1355\" data-end=\"1546\">\n<p data-start=\"1357\" data-end=\"1546\"><strong data-start=\"1357\" data-end=\"1390\">Fokus auf vulnerable Gruppen:<\/strong> Spezielle Programme f\u00fcr Menschen mit erh\u00f6htem Gesundheitsrisiko oder erschwertem Zugang zu Gesundheitsinformationen, um soziale Ungleichheiten abzubauen.<\/p>\n<\/li>\n<\/ul>\n<p data-start=\"1548\" data-end=\"1886\"><strong data-start=\"1548\" data-end=\"1581\">Warum Pr\u00e4vention wichtig ist:<\/strong><br data-start=\"1581\" data-end=\"1584\">Fr\u00fchzeitige Aufkl\u00e4rung und nachhaltige Pr\u00e4ventionsma\u00dfnahmen k\u00f6nnen Krankheiten vorbeugen, Lebensqualit\u00e4t verbessern und das Gesundheitssystem entlasten. Durch die Arbeit von \u201eMedimeister Alumni\u201c wollen wir diese wichtige Aufgabe unterst\u00fctzen und zum gesellschaftlichen Gesundheitsbewusstsein beitragen.<\/p>\n<p data-start=\"1888\" data-end=\"2139\"><strong data-start=\"1888\" data-end=\"1911\">Zukunftsaussichten:<\/strong><br data-start=\"1911\" data-end=\"1914\">Wir planen, die Pr\u00e4ventionsangebote st\u00e4ndig weiterzuentwickeln, neue Themen aufzugreifen und innovative Wege der Gesundheitsf\u00f6rderung zu gehen. So m\u00f6chten wir langfristig einen Beitrag zu einem ges\u00fcnderen Miteinander leisten.<\/p>\t\t\t\t\t\t\t\t<\/div>\n\t\t\t\t<\/div>\n\t\t\t\t\t<\/div>\n\t\t\t\t<\/div>\n\t\t\t\t<\/div>\n\t\t","protected":false},"excerpt":{"rendered":"<p>Medizinische Aufkl\u00e4rung und Pr\u00e4ventionsarbeit Gesundheit f\u00f6rdern \u2013 Aufkl\u00e4rung und Pr\u00e4vention als Grundlage f\u00fcr ein besseres Leben Die F\u00f6rderung von Gesundheit und Pr\u00e4vention ist ein zentrales Anliegen des Vereins \u201eMedimeister Alumni\u201c. Mit gezielten Aufkl\u00e4rungsprogrammen und Pr\u00e4ventionsangeboten wollen wir dazu beitragen, die Bev\u00f6lkerung \u00fcber wichtige Gesundheitsfragen zu informieren und das Bewusstsein f\u00fcr pr\u00e4ventive Ma\u00dfnahmen zu st\u00e4rken. Unsere [&hellip;]<\/p>\n","protected":false},"author":1,"featured_media":0,"parent":0,"menu_order":0,"comment_status":"closed","ping_status":"closed","template":"","meta":{"footnotes":""},"class_list":["post-219","page","type-page","status-publish","hentry"],"_links":{"self":[{"href":"https:\/\/medimeisteralumni.com\/index.php?rest_route=\/wp\/v2\/pages\/219","targetHints":{"allow":["GET"]}}],"collection":[{"href":"https:\/\/medimeisteralumni.com\/index.php?rest_route=\/wp\/v2\/pages"}],"about":[{"href":"https:\/\/medimeisteralumni.com\/index.php?rest_route=\/wp\/v2\/types\/page"}],"author":[{"embeddable":true,"href":"https:\/\/medimeisteralumni.com\/index.php?rest_route=\/wp\/v2\/users\/1"}],"replies":[{"embeddable":true,"href":"https:\/\/medimeisteralumni.com\/index.php?rest_route=%2Fwp%2Fv2%2Fcomments&post=219"}],"version-history":[{"count":7,"href":"https:\/\/medimeisteralumni.com\/index.php?rest_route=\/wp\/v2\/pages\/219\/revisions"}],"predecessor-version":[{"id":306,"href":"https:\/\/medimeisteralumni.com\/index.php?rest_route=\/wp\/v2\/pages\/219\/revisions\/306"}],"wp:attachment":[{"href":"https:\/\/medimeisteralumni.com\/index.php?rest_route=%2Fwp%2Fv2%2Fmedia&parent=219"}],"curies":[{"name":"wp","href":"https:\/\/api.w.org\/{rel}","templated":true}]}}