{"id":217,"date":"2025-07-08T20:44:43","date_gmt":"2025-07-08T18:44:43","guid":{"rendered":"https:\/\/medimeisteralumni.com\/?page_id=217"},"modified":"2025-07-08T21:43:59","modified_gmt":"2025-07-08T19:43:59","slug":"unterstuetzung","status":"publish","type":"page","link":"https:\/\/medimeisteralumni.com\/?page_id=217","title":{"rendered":"Unterst\u00fctzung"},"content":{"rendered":"\t\t<div data-elementor-type=\"wp-page\" data-elementor-id=\"217\" class=\"elementor elementor-217\" data-elementor-post-type=\"page\">\n\t\t\t\t<div class=\"elementor-element elementor-element-7238308 e-flex e-con-boxed e-con e-parent\" data-id=\"7238308\" data-element_type=\"container\" data-e-type=\"container\">\n\t\t\t\t\t<div class=\"e-con-inner\">\n\t\t\t\t<div class=\"elementor-element elementor-element-ec2bb9d elementor-widget elementor-widget-text-editor\" data-id=\"ec2bb9d\" data-element_type=\"widget\" data-e-type=\"widget\" data-widget_type=\"text-editor.default\">\n\t\t\t\t<div class=\"elementor-widget-container\">\n\t\t\t\t\t\t\t\t\t<h3 data-start=\"79\" data-end=\"191\">Unterst\u00fctzung bei wissenschaftlichem Arbeiten \u2013 Seminar- und Begleitangebote f\u00fcr Studium und Doktorarbeit<\/h3>\n<hr data-start=\"193\" data-end=\"196\">\n<p data-start=\"198\" data-end=\"257\"><strong data-start=\"198\" data-end=\"257\">Professionelle Begleitung f\u00fcr wissenschaftlichen Erfolg<\/strong><\/p>\n<p data-start=\"259\" data-end=\"598\">Wissenschaftliches Arbeiten ist ein essenzieller Bestandteil des Medizinstudiums und der anschlie\u00dfenden Facharztweiterbildung. Um Studierende und junge \u00c4rzt:innen optimal zu unterst\u00fctzen, bietet \u201eMedimeister Alumni\u201c vielf\u00e4ltige Angebote rund um das Thema wissenschaftliches Arbeiten \u2013 von der Themenfindung bis zur erfolgreichen Promotion.<\/p>\n<p data-start=\"600\" data-end=\"645\"><strong data-start=\"600\" data-end=\"643\">Unsere Unterst\u00fctzungsangebote umfassen:<\/strong><\/p>\n<ul data-start=\"646\" data-end=\"1478\">\n<li data-start=\"646\" data-end=\"828\">\n<p data-start=\"648\" data-end=\"828\"><strong data-start=\"648\" data-end=\"675\">Seminare und Workshops:<\/strong> Grundlagen des wissenschaftlichen Arbeitens, Literaturrecherche, Datenanalyse, Statistik und wissenschaftliches Schreiben werden praxisnah vermittelt.<\/p>\n<\/li>\n<li data-start=\"829\" data-end=\"991\">\n<p data-start=\"831\" data-end=\"991\"><strong data-start=\"831\" data-end=\"858\">Individuelle Betreuung:<\/strong> Beratung bei der Themenwahl, Strukturierung der Arbeit und Erstellung von Zeitpl\u00e4nen, um Projektmanagement-F\u00e4higkeiten zu f\u00f6rdern.<\/p>\n<\/li>\n<li data-start=\"992\" data-end=\"1152\">\n<p data-start=\"994\" data-end=\"1152\"><strong data-start=\"994\" data-end=\"1018\">Peer-Review-Gruppen:<\/strong> M\u00f6glichkeit, Arbeiten im gesch\u00fctzten Rahmen zu diskutieren, Feedback zu erhalten und die Qualit\u00e4t der eigenen Arbeit zu verbessern.<\/p>\n<\/li>\n<li data-start=\"1153\" data-end=\"1339\">\n<p data-start=\"1155\" data-end=\"1339\"><strong data-start=\"1155\" data-end=\"1186\">Promotion und Doktorarbeit:<\/strong> Unterst\u00fctzung bei der Planung und Organisation der Doktorarbeit sowie Informationen zu Formalit\u00e4ten, ethischen Richtlinien und Publikationsstrategien.<\/p>\n<\/li>\n<li data-start=\"1340\" data-end=\"1478\">\n<p data-start=\"1342\" data-end=\"1478\"><strong data-start=\"1342\" data-end=\"1367\">Zugang zu Ressourcen:<\/strong> Empfehlung von Literatur, Softwaretools und hilfreichen Online-Plattformen f\u00fcr die wissenschaftliche Arbeit.<\/p>\n<\/li>\n<\/ul>\n<p data-start=\"1480\" data-end=\"1868\"><strong data-start=\"1480\" data-end=\"1506\">Warum ist das wichtig?<\/strong><br data-start=\"1506\" data-end=\"1509\">Viele Studierende stehen vor der Herausforderung, wissenschaftliche Arbeiten neben dem Klinikalltag zu bew\u00e4ltigen. Unsere Angebote helfen, Unsicherheiten abzubauen, strukturierter zu arbeiten und die akademischen Anforderungen effizient zu meistern. Dies f\u00f6rdert nicht nur den Studienerfolg, sondern auch die pers\u00f6nliche Weiterentwicklung und Karrierechancen.<\/p>\n<p data-start=\"1870\" data-end=\"2171\"><strong data-start=\"1870\" data-end=\"1883\">Ausblick:<\/strong><br data-start=\"1883\" data-end=\"1886\">Wir planen, diese Angebote kontinuierlich zu erweitern und auf aktuelle wissenschaftliche Entwicklungen anzupassen. Ziel ist es, eine umfassende Unterst\u00fctzung f\u00fcr alle Phasen des wissenschaftlichen Arbeitens bereitzustellen und somit den Nachwuchs in der Medizin nachhaltig zu f\u00f6rdern.<\/p>\t\t\t\t\t\t\t\t<\/div>\n\t\t\t\t<\/div>\n\t\t\t\t\t<\/div>\n\t\t\t\t<\/div>\n\t\t\t\t<\/div>\n\t\t","protected":false},"excerpt":{"rendered":"<p>Unterst\u00fctzung bei wissenschaftlichem Arbeiten \u2013 Seminar- und Begleitangebote f\u00fcr Studium und Doktorarbeit Professionelle Begleitung f\u00fcr wissenschaftlichen Erfolg Wissenschaftliches Arbeiten ist ein essenzieller Bestandteil des Medizinstudiums und der anschlie\u00dfenden Facharztweiterbildung. Um Studierende und junge \u00c4rzt:innen optimal zu unterst\u00fctzen, bietet \u201eMedimeister Alumni\u201c vielf\u00e4ltige Angebote rund um das Thema wissenschaftliches Arbeiten \u2013 von der Themenfindung bis zur erfolgreichen [&hellip;]<\/p>\n","protected":false},"author":1,"featured_media":0,"parent":0,"menu_order":0,"comment_status":"closed","ping_status":"closed","template":"","meta":{"footnotes":""},"class_list":["post-217","page","type-page","status-publish","hentry"],"_links":{"self":[{"href":"https:\/\/medimeisteralumni.com\/index.php?rest_route=\/wp\/v2\/pages\/217","targetHints":{"allow":["GET"]}}],"collection":[{"href":"https:\/\/medimeisteralumni.com\/index.php?rest_route=\/wp\/v2\/pages"}],"about":[{"href":"https:\/\/medimeisteralumni.com\/index.php?rest_route=\/wp\/v2\/types\/page"}],"author":[{"embeddable":true,"href":"https:\/\/medimeisteralumni.com\/index.php?rest_route=\/wp\/v2\/users\/1"}],"replies":[{"embeddable":true,"href":"https:\/\/medimeisteralumni.com\/index.php?rest_route=%2Fwp%2Fv2%2Fcomments&post=217"}],"version-history":[{"count":7,"href":"https:\/\/medimeisteralumni.com\/index.php?rest_route=\/wp\/v2\/pages\/217\/revisions"}],"predecessor-version":[{"id":303,"href":"https:\/\/medimeisteralumni.com\/index.php?rest_route=\/wp\/v2\/pages\/217\/revisions\/303"}],"wp:attachment":[{"href":"https:\/\/medimeisteralumni.com\/index.php?rest_route=%2Fwp%2Fv2%2Fmedia&parent=217"}],"curies":[{"name":"wp","href":"https:\/\/api.w.org\/{rel}","templated":true}]}}