{"id":215,"date":"2025-07-08T20:44:21","date_gmt":"2025-07-08T18:44:21","guid":{"rendered":"https:\/\/medimeisteralumni.com\/?page_id=215"},"modified":"2025-07-08T21:43:35","modified_gmt":"2025-07-08T19:43:35","slug":"plattform","status":"publish","type":"page","link":"https:\/\/medimeisteralumni.com\/?page_id=215","title":{"rendered":"Plattform"},"content":{"rendered":"\t\t<div data-elementor-type=\"wp-page\" data-elementor-id=\"215\" class=\"elementor elementor-215\" data-elementor-post-type=\"page\">\n\t\t\t\t<div class=\"elementor-element elementor-element-f57f022 e-flex e-con-boxed e-con e-parent\" data-id=\"f57f022\" data-element_type=\"container\" data-e-type=\"container\">\n\t\t\t\t\t<div class=\"e-con-inner\">\n\t\t\t\t<div class=\"elementor-element elementor-element-ec498c2 elementor-widget elementor-widget-text-editor\" data-id=\"ec498c2\" data-element_type=\"widget\" data-e-type=\"widget\" data-widget_type=\"text-editor.default\">\n\t\t\t\t<div class=\"elementor-widget-container\">\n\t\t\t\t\t\t\t\t\t<h3 data-start=\"63\" data-end=\"125\">Online-Plattform und Wissensportal f\u00fcr Berufseinsteiger<\/h3>\n<hr data-start=\"127\" data-end=\"130\">\n<p data-start=\"132\" data-end=\"218\"><strong data-start=\"132\" data-end=\"218\">Online-Plattform &amp; Wissensportal \u2013 digitaler Kompass f\u00fcr den Start ins Berufsleben<\/strong><\/p>\n<p data-start=\"220\" data-end=\"563\">Um angehenden \u00c4rzt:innen und medizinischen Fachkr\u00e4ften den \u00dcbergang vom Studium in den Beruf so einfach und informativ wie m\u00f6glich zu gestalten, entwickelt \u201eMedimeister Alumni\u201c eine innovative Online-Plattform. Dieses Wissensportal wird eine zentrale Anlaufstelle f\u00fcr praxisrelevante Informationen, Hilfsmittel und Austauschm\u00f6glichkeiten sein.<\/p>\n<p data-start=\"565\" data-end=\"608\"><strong data-start=\"565\" data-end=\"606\">Funktionen und Inhalte der Plattform:<\/strong><\/p>\n<ul data-start=\"609\" data-end=\"1384\">\n<li data-start=\"609\" data-end=\"748\">\n<p data-start=\"611\" data-end=\"748\"><strong data-start=\"611\" data-end=\"639\">Umfangreiche Ressourcen:<\/strong> Leitf\u00e4den, Checklisten und Tutorials rund um Bewerbung, Arbeitsrecht, klinische Abl\u00e4ufe und digitale Tools<\/p>\n<\/li>\n<li data-start=\"749\" data-end=\"894\">\n<p data-start=\"751\" data-end=\"894\"><strong data-start=\"751\" data-end=\"791\">Interaktive Webinare und Schulungen:<\/strong> Regelm\u00e4\u00dfige Online-Veranstaltungen mit Expert:innen zu aktuellen Themen und h\u00e4ufigen Fragestellungen<\/p>\n<\/li>\n<li data-start=\"895\" data-end=\"1060\">\n<p data-start=\"897\" data-end=\"1060\"><strong data-start=\"897\" data-end=\"919\">Community-Bereich:<\/strong> Foren und Gruppen zum Austausch mit Gleichgesinnten und Mentor:innen, um Fragen zu stellen, Erfahrungen zu teilen und Netzwerke zu kn\u00fcpfen<\/p>\n<\/li>\n<li data-start=\"1061\" data-end=\"1223\">\n<p data-start=\"1063\" data-end=\"1223\"><strong data-start=\"1063\" data-end=\"1088\">Dokumentenverwaltung:<\/strong> Vorlage f\u00fcr wichtige Formulare und Dokumente, z.B. Arbeitsvertr\u00e4ge, Fortbildungsnachweise und Checklisten f\u00fcr die Praxisorganisation<\/p>\n<\/li>\n<li data-start=\"1224\" data-end=\"1384\">\n<p data-start=\"1226\" data-end=\"1384\"><strong data-start=\"1226\" data-end=\"1260\">Personalisierte Nutzerprofile:<\/strong> M\u00f6glichkeit, den eigenen Karriereweg zu planen, relevante Inhalte zu speichern und auf individuelle Lernpfade zuzugreifen<\/p>\n<\/li>\n<\/ul>\n<p data-start=\"1386\" data-end=\"1418\"><strong data-start=\"1386\" data-end=\"1416\">Vorteile f\u00fcr Nutzer:innen:<\/strong><\/p>\n<ul data-start=\"1419\" data-end=\"1712\">\n<li data-start=\"1419\" data-end=\"1502\">\n<p data-start=\"1421\" data-end=\"1502\">Rund-um-die-Uhr Zugriff auf wichtige Informationen, unabh\u00e4ngig von Ort und Zeit<\/p>\n<\/li>\n<li data-start=\"1503\" data-end=\"1570\">\n<p data-start=\"1505\" data-end=\"1570\">Direkte Vernetzung mit erfahrenen Mentor:innen und Kolleg:innen<\/p>\n<\/li>\n<li data-start=\"1571\" data-end=\"1640\">\n<p data-start=\"1573\" data-end=\"1640\">Unterst\u00fctzung bei der Selbstorganisation und Kompetenzentwicklung<\/p>\n<\/li>\n<li data-start=\"1641\" data-end=\"1712\">\n<p data-start=\"1643\" data-end=\"1712\">Flexibles Lernen durch multimediale Inhalte und interaktive Formate<\/p>\n<\/li>\n<\/ul>\n<p data-start=\"1714\" data-end=\"2029\"><strong data-start=\"1714\" data-end=\"1737\">Zukunftsaussichten:<\/strong><br data-start=\"1737\" data-end=\"1740\">Die Plattform wird stetig erweitert und an die Bed\u00fcrfnisse der Nutzer:innen angepasst. Langfristig ist geplant, die Online-Plattform als zentrale Drehscheibe f\u00fcr alle Angebote von \u201eMedimeister Alumni\u201c zu etablieren und so die Unterst\u00fctzung f\u00fcr Berufsanf\u00e4nger:innen weiter zu intensivieren.<\/p>\t\t\t\t\t\t\t\t<\/div>\n\t\t\t\t<\/div>\n\t\t\t\t\t<\/div>\n\t\t\t\t<\/div>\n\t\t\t\t<\/div>\n\t\t","protected":false},"excerpt":{"rendered":"<p>Online-Plattform und Wissensportal f\u00fcr Berufseinsteiger Online-Plattform &amp; Wissensportal \u2013 digitaler Kompass f\u00fcr den Start ins Berufsleben Um angehenden \u00c4rzt:innen und medizinischen Fachkr\u00e4ften den \u00dcbergang vom Studium in den Beruf so einfach und informativ wie m\u00f6glich zu gestalten, entwickelt \u201eMedimeister Alumni\u201c eine innovative Online-Plattform. Dieses Wissensportal wird eine zentrale Anlaufstelle f\u00fcr praxisrelevante Informationen, Hilfsmittel und Austauschm\u00f6glichkeiten [&hellip;]<\/p>\n","protected":false},"author":1,"featured_media":0,"parent":0,"menu_order":0,"comment_status":"closed","ping_status":"closed","template":"","meta":{"footnotes":""},"class_list":["post-215","page","type-page","status-publish","hentry"],"_links":{"self":[{"href":"https:\/\/medimeisteralumni.com\/index.php?rest_route=\/wp\/v2\/pages\/215","targetHints":{"allow":["GET"]}}],"collection":[{"href":"https:\/\/medimeisteralumni.com\/index.php?rest_route=\/wp\/v2\/pages"}],"about":[{"href":"https:\/\/medimeisteralumni.com\/index.php?rest_route=\/wp\/v2\/types\/page"}],"author":[{"embeddable":true,"href":"https:\/\/medimeisteralumni.com\/index.php?rest_route=\/wp\/v2\/users\/1"}],"replies":[{"embeddable":true,"href":"https:\/\/medimeisteralumni.com\/index.php?rest_route=%2Fwp%2Fv2%2Fcomments&post=215"}],"version-history":[{"count":7,"href":"https:\/\/medimeisteralumni.com\/index.php?rest_route=\/wp\/v2\/pages\/215\/revisions"}],"predecessor-version":[{"id":300,"href":"https:\/\/medimeisteralumni.com\/index.php?rest_route=\/wp\/v2\/pages\/215\/revisions\/300"}],"wp:attachment":[{"href":"https:\/\/medimeisteralumni.com\/index.php?rest_route=%2Fwp%2Fv2%2Fmedia&parent=215"}],"curies":[{"name":"wp","href":"https:\/\/api.w.org\/{rel}","templated":true}]}}