{"id":213,"date":"2025-07-08T20:43:59","date_gmt":"2025-07-08T18:43:59","guid":{"rendered":"https:\/\/medimeisteralumni.com\/?page_id=213"},"modified":"2025-07-08T21:43:10","modified_gmt":"2025-07-08T19:43:10","slug":"beratung","status":"publish","type":"page","link":"https:\/\/medimeisteralumni.com\/?page_id=213","title":{"rendered":"Beratung"},"content":{"rendered":"\t\t<div data-elementor-type=\"wp-page\" data-elementor-id=\"213\" class=\"elementor elementor-213\" data-elementor-post-type=\"page\">\n\t\t\t\t<div class=\"elementor-element elementor-element-e82db4b e-flex e-con-boxed e-con e-parent\" data-id=\"e82db4b\" data-element_type=\"container\" data-e-type=\"container\">\n\t\t\t\t\t<div class=\"e-con-inner\">\n\t\t\t\t<div class=\"elementor-element elementor-element-03093c5 elementor-widget elementor-widget-text-editor\" data-id=\"03093c5\" data-element_type=\"widget\" data-e-type=\"widget\" data-widget_type=\"text-editor.default\">\n\t\t\t\t<div class=\"elementor-widget-container\">\n\t\t\t\t\t\t\t\t\t<h3 data-start=\"94\" data-end=\"137\">Beratungsangebote f\u00fcr Berufsanf\u00e4nger<\/h3>\n<hr data-start=\"139\" data-end=\"142\">\n<p data-start=\"144\" data-end=\"241\"><strong data-start=\"144\" data-end=\"241\">Beratungsangebote f\u00fcr Berufsanf\u00e4nger \u2013 kompetente Unterst\u00fctzung im Start ins Gesundheitswesen<\/strong><\/p>\n<p data-start=\"243\" data-end=\"555\">Der Beginn der beruflichen Laufbahn stellt viele junge \u00c4rzt:innen und medizinische Fachkr\u00e4fte vor vielf\u00e4ltige Fragen und Herausforderungen. Mit unseren ma\u00dfgeschneiderten Beratungsangeboten m\u00f6chten wir diese Phase erleichtern und daf\u00fcr sorgen, dass Berufsanf\u00e4nger:innen sicher und gut informiert ihren Weg finden.<\/p>\n<p data-start=\"557\" data-end=\"613\"><strong data-start=\"557\" data-end=\"611\">Unsere Beratungsleistungen umfassen unter anderem:<\/strong><\/p>\n<ul data-start=\"614\" data-end=\"1324\">\n<li data-start=\"614\" data-end=\"751\">\n<p data-start=\"616\" data-end=\"751\"><strong data-start=\"616\" data-end=\"636\">Karriereplanung:<\/strong> Unterst\u00fctzung bei der Wahl des passenden Fachgebiets, Tipps zur Weiterbildung und Planung der Facharztausbildung<\/p>\n<\/li>\n<li data-start=\"752\" data-end=\"877\">\n<p data-start=\"754\" data-end=\"877\"><strong data-start=\"754\" data-end=\"785\">Arbeitsrechtliche Beratung:<\/strong> Aufkl\u00e4rung zu Arbeitsvertr\u00e4gen, Tarifvertr\u00e4gen, Arbeitszeiten und Rechten im Klinikalltag<\/p>\n<\/li>\n<li data-start=\"878\" data-end=\"1030\">\n<p data-start=\"880\" data-end=\"1030\"><strong data-start=\"880\" data-end=\"909\">Finanzielle Orientierung:<\/strong> Hinweise zur Absicherung, Altersvorsorge und steuerlichen Themen speziell f\u00fcr Berufsanf\u00e4nger:innen im Gesundheitswesen<\/p>\n<\/li>\n<li data-start=\"1031\" data-end=\"1154\">\n<p data-start=\"1033\" data-end=\"1154\"><strong data-start=\"1033\" data-end=\"1055\">Work-Life-Balance:<\/strong> Beratung zu Stressmanagement, Vereinbarkeit von Beruf und Privatleben sowie Gesundheitsf\u00f6rderung<\/p>\n<\/li>\n<li data-start=\"1155\" data-end=\"1324\">\n<p data-start=\"1157\" data-end=\"1324\"><strong data-start=\"1157\" data-end=\"1190\">Individuelle Einzelfallhilfe:<\/strong> Unterst\u00fctzung bei pers\u00f6nlichen oder beruflichen Schwierigkeiten, z.B. Konflikte am Arbeitsplatz oder Unsicherheiten im Praxisalltag<\/p>\n<\/li>\n<\/ul>\n<p data-start=\"1326\" data-end=\"1353\"><strong data-start=\"1326\" data-end=\"1351\">Methodik und Formate:<\/strong><\/p>\n<ul data-start=\"1354\" data-end=\"1720\">\n<li data-start=\"1354\" data-end=\"1444\">\n<p data-start=\"1356\" data-end=\"1444\">Pers\u00f6nliche Beratungsgespr\u00e4che, die individuell auf die Bed\u00fcrfnisse zugeschnitten sind<\/p>\n<\/li>\n<li data-start=\"1445\" data-end=\"1526\">\n<p data-start=\"1447\" data-end=\"1526\">Digitale Sprechstunden f\u00fcr eine flexible und niederschwellige Kontaktaufnahme<\/p>\n<\/li>\n<li data-start=\"1527\" data-end=\"1600\">\n<p data-start=\"1529\" data-end=\"1600\">Informationsmaterialien und Checklisten zu h\u00e4ufigen Fragen und Themen<\/p>\n<\/li>\n<li data-start=\"1601\" data-end=\"1720\">\n<p data-start=\"1603\" data-end=\"1720\">Workshops zu spezifischen Fragestellungen, wie z.B. \u201eArbeitsrecht f\u00fcr \u00c4rzte\u201c oder \u201eFinanzplanung im Medizinerberuf\u201c<\/p>\n<\/li>\n<\/ul>\n<p data-start=\"1722\" data-end=\"2059\"><strong data-start=\"1722\" data-end=\"1758\">Nutzen f\u00fcr Berufsanf\u00e4nger:innen:<\/strong><br data-start=\"1758\" data-end=\"1761\">Durch unsere Beratungsangebote gewinnen junge Mediziner:innen Sicherheit im Umgang mit den Anforderungen des Berufslebens, k\u00f6nnen Fehlentscheidungen vermeiden und profitieren von praxisnahen Tipps aus erster Hand. So legen sie den Grundstein f\u00fcr eine langfristig erfolgreiche und erf\u00fcllte Karriere.<\/p>\t\t\t\t\t\t\t\t<\/div>\n\t\t\t\t<\/div>\n\t\t\t\t\t<\/div>\n\t\t\t\t<\/div>\n\t\t\t\t<\/div>\n\t\t","protected":false},"excerpt":{"rendered":"<p>Beratungsangebote f\u00fcr Berufsanf\u00e4nger Beratungsangebote f\u00fcr Berufsanf\u00e4nger \u2013 kompetente Unterst\u00fctzung im Start ins Gesundheitswesen Der Beginn der beruflichen Laufbahn stellt viele junge \u00c4rzt:innen und medizinische Fachkr\u00e4fte vor vielf\u00e4ltige Fragen und Herausforderungen. Mit unseren ma\u00dfgeschneiderten Beratungsangeboten m\u00f6chten wir diese Phase erleichtern und daf\u00fcr sorgen, dass Berufsanf\u00e4nger:innen sicher und gut informiert ihren Weg finden. Unsere Beratungsleistungen umfassen unter [&hellip;]<\/p>\n","protected":false},"author":1,"featured_media":0,"parent":0,"menu_order":0,"comment_status":"closed","ping_status":"closed","template":"","meta":{"footnotes":""},"class_list":["post-213","page","type-page","status-publish","hentry"],"_links":{"self":[{"href":"https:\/\/medimeisteralumni.com\/index.php?rest_route=\/wp\/v2\/pages\/213","targetHints":{"allow":["GET"]}}],"collection":[{"href":"https:\/\/medimeisteralumni.com\/index.php?rest_route=\/wp\/v2\/pages"}],"about":[{"href":"https:\/\/medimeisteralumni.com\/index.php?rest_route=\/wp\/v2\/types\/page"}],"author":[{"embeddable":true,"href":"https:\/\/medimeisteralumni.com\/index.php?rest_route=\/wp\/v2\/users\/1"}],"replies":[{"embeddable":true,"href":"https:\/\/medimeisteralumni.com\/index.php?rest_route=%2Fwp%2Fv2%2Fcomments&post=213"}],"version-history":[{"count":7,"href":"https:\/\/medimeisteralumni.com\/index.php?rest_route=\/wp\/v2\/pages\/213\/revisions"}],"predecessor-version":[{"id":297,"href":"https:\/\/medimeisteralumni.com\/index.php?rest_route=\/wp\/v2\/pages\/213\/revisions\/297"}],"wp:attachment":[{"href":"https:\/\/medimeisteralumni.com\/index.php?rest_route=%2Fwp%2Fv2%2Fmedia&parent=213"}],"curies":[{"name":"wp","href":"https:\/\/api.w.org\/{rel}","templated":true}]}}