{"id":209,"date":"2025-07-08T20:52:00","date_gmt":"2025-07-08T18:52:00","guid":{"rendered":"https:\/\/medimeisteralumni.com\/?page_id=209"},"modified":"2025-07-08T21:46:45","modified_gmt":"2025-07-08T19:46:45","slug":"mentoren","status":"publish","type":"page","link":"https:\/\/medimeisteralumni.com\/?page_id=209","title":{"rendered":"Mentoren"},"content":{"rendered":"\t\t<div data-elementor-type=\"wp-page\" data-elementor-id=\"209\" class=\"elementor elementor-209\" data-elementor-post-type=\"page\">\n\t\t\t\t<div class=\"elementor-element elementor-element-99e77b8 e-flex e-con-boxed e-con e-parent\" data-id=\"99e77b8\" data-element_type=\"container\" data-e-type=\"container\">\n\t\t\t\t\t<div class=\"e-con-inner\">\n\t\t\t\t<div class=\"elementor-element elementor-element-74b3cd9 elementor-widget elementor-widget-text-editor\" data-id=\"74b3cd9\" data-element_type=\"widget\" data-e-type=\"widget\" data-widget_type=\"text-editor.default\">\n\t\t\t\t<div class=\"elementor-widget-container\">\n\t\t\t\t\t\t\t\t\t<h3 data-start=\"181\" data-end=\"227\">Mentorenprogramm f\u00fcr Medizinstudierende<\/h3><hr data-start=\"229\" data-end=\"232\" \/><p data-start=\"234\" data-end=\"329\"><strong data-start=\"234\" data-end=\"329\">Mentorenprogramm f\u00fcr Medizinstudierende \u2013 individuelle Begleitung auf dem Weg zum Arztberuf<\/strong><\/p><p data-start=\"331\" data-end=\"750\">Der Weg zum Arztberuf ist lang und manchmal auch herausfordernd \u2013 insbesondere f\u00fcr Studierende, die den Spagat zwischen Theorie, Praxis und pers\u00f6nlichen Anforderungen meistern m\u00fcssen. Unser Mentorenprogramm bei \u201eMedimeister Alumni\u201c bietet genau hier eine wichtige Unterst\u00fctzung: Studierende werden \u00fcber einen l\u00e4ngeren Zeitraum von erfahrenen Mentor:innen begleitet, die sie pers\u00f6nlich beraten, motivieren und vernetzen.<\/p><p data-start=\"752\" data-end=\"772\"><strong data-start=\"752\" data-end=\"770\">Programmziele:<\/strong><\/p><ul data-start=\"773\" data-end=\"1237\"><li data-start=\"773\" data-end=\"843\"><p data-start=\"775\" data-end=\"843\">Individuelle F\u00f6rderung der fachlichen und pers\u00f6nlichen Entwicklung<\/p><\/li><li data-start=\"844\" data-end=\"932\"><p data-start=\"846\" data-end=\"932\">Unterst\u00fctzung bei Fragen rund um Studium, Praktika, Facharztwahl und Karriereplanung<\/p><\/li><li data-start=\"933\" data-end=\"1032\"><p data-start=\"935\" data-end=\"1032\">Aufbau eines vertrauensvollen Verh\u00e4ltnisses zu erfahrenen \u00c4rzt:innen und Gesundheitsfachkr\u00e4ften<\/p><\/li><li data-start=\"1033\" data-end=\"1160\"><p data-start=\"1035\" data-end=\"1160\">F\u00f6rderung von Soft Skills, die im Studienalltag oft zu kurz kommen, wie Zeitmanagement, Stressbew\u00e4ltigung und Kommunikation<\/p><\/li><li data-start=\"1161\" data-end=\"1237\"><p data-start=\"1163\" data-end=\"1237\">Erleichterung des \u00dcbergangs von der Universit\u00e4t in den klinischen Alltag<\/p><\/li><\/ul><p data-start=\"1239\" data-end=\"1275\"><strong data-start=\"1239\" data-end=\"1273\">So funktioniert das Mentoring:<\/strong><\/p><ul data-start=\"1276\" data-end=\"1945\"><li data-start=\"1276\" data-end=\"1415\"><p data-start=\"1278\" data-end=\"1415\"><strong data-start=\"1278\" data-end=\"1291\">Matching:<\/strong> Studierende und Mentor:innen werden basierend auf Fachrichtung, Interessen und pers\u00f6nlichen Pr\u00e4ferenzen zusammengebracht.<\/p><\/li><li data-start=\"1416\" data-end=\"1590\"><p data-start=\"1418\" data-end=\"1590\"><strong data-start=\"1418\" data-end=\"1445\">Regelm\u00e4\u00dfiger Austausch:<\/strong> Mentoring-Gespr\u00e4che finden mindestens viertelj\u00e4hrlich statt, k\u00f6nnen aber je nach Bedarf intensiver gestaltet werden \u2013 pers\u00f6nlich oder digital.<\/p><\/li><li data-start=\"1591\" data-end=\"1770\"><p data-start=\"1593\" data-end=\"1770\"><strong data-start=\"1593\" data-end=\"1616\">Workshops &amp; Events:<\/strong> Zus\u00e4tzlich zu den individuellen Treffen organisiert der Verein exklusive Workshops, Netzwerktreffen und Fachvortr\u00e4ge, die den Wissensaustausch f\u00f6rdern.<\/p><\/li><li data-start=\"1771\" data-end=\"1945\"><p data-start=\"1773\" data-end=\"1945\"><strong data-start=\"1773\" data-end=\"1810\">Begleitung bei Herausforderungen:<\/strong> Ob Pr\u00fcfungsstress, Unsicherheiten bei der Facharztwahl oder berufliche Perspektiven \u2013 Mentor:innen stehen mit Rat und Tat zur Seite.<\/p><\/li><\/ul><p data-start=\"1947\" data-end=\"1978\"><strong data-start=\"1947\" data-end=\"1976\">Vorteile f\u00fcr Studierende:<\/strong><\/p><ul data-start=\"1979\" data-end=\"2265\"><li data-start=\"1979\" data-end=\"2046\"><p data-start=\"1981\" data-end=\"2046\">Zugang zu wertvollen Kontakten und Insiderwissen aus der Praxis<\/p><\/li><li data-start=\"2047\" data-end=\"2122\"><p data-start=\"2049\" data-end=\"2122\">Erh\u00f6hte Motivation und Selbstvertrauen durch individuelle Unterst\u00fctzung<\/p><\/li><li data-start=\"2123\" data-end=\"2200\"><p data-start=\"2125\" data-end=\"2200\">Verbesserte Chancen auf Praktika, Famulaturen und sp\u00e4teren Berufseinstieg<\/p><\/li><li data-start=\"2201\" data-end=\"2265\"><p data-start=\"2203\" data-end=\"2265\">Ein Netzwerk von Gleichgesinnten und erfahrenen Expert:innen<\/p><\/li><\/ul><p data-start=\"2267\" data-end=\"2608\"><strong data-start=\"2267\" data-end=\"2280\">Ausblick:<\/strong><br data-start=\"2280\" data-end=\"2283\" \/>Das Mentorenprogramm wird kontinuierlich ausgebaut und inhaltlich angepasst, um den sich wandelnden Bed\u00fcrfnissen der Medizinstudierenden gerecht zu werden. Mit dem Ziel, eine starke Gemeinschaft von zuk\u00fcnftigen und erfahrenen Mediziner:innen zu schaffen, tragen wir zur langfristigen F\u00f6rderung und Bindung junger Talente bei.<\/p>\t\t\t\t\t\t\t\t<\/div>\n\t\t\t\t<\/div>\n\t\t\t\t\t<\/div>\n\t\t\t\t<\/div>\n\t\t\t\t<\/div>\n\t\t","protected":false},"excerpt":{"rendered":"<p>Mentorenprogramm f\u00fcr Medizinstudierende Mentorenprogramm f\u00fcr Medizinstudierende \u2013 individuelle Begleitung auf dem Weg zum Arztberuf Der Weg zum Arztberuf ist lang und manchmal auch herausfordernd \u2013 insbesondere f\u00fcr Studierende, die den Spagat zwischen Theorie, Praxis und pers\u00f6nlichen Anforderungen meistern m\u00fcssen. Unser Mentorenprogramm bei \u201eMedimeister Alumni\u201c bietet genau hier eine wichtige Unterst\u00fctzung: Studierende werden \u00fcber einen l\u00e4ngeren [&hellip;]<\/p>\n","protected":false},"author":1,"featured_media":0,"parent":0,"menu_order":0,"comment_status":"closed","ping_status":"closed","template":"","meta":{"footnotes":""},"class_list":["post-209","page","type-page","status-publish","hentry"],"_links":{"self":[{"href":"https:\/\/medimeisteralumni.com\/index.php?rest_route=\/wp\/v2\/pages\/209","targetHints":{"allow":["GET"]}}],"collection":[{"href":"https:\/\/medimeisteralumni.com\/index.php?rest_route=\/wp\/v2\/pages"}],"about":[{"href":"https:\/\/medimeisteralumni.com\/index.php?rest_route=\/wp\/v2\/types\/page"}],"author":[{"embeddable":true,"href":"https:\/\/medimeisteralumni.com\/index.php?rest_route=\/wp\/v2\/users\/1"}],"replies":[{"embeddable":true,"href":"https:\/\/medimeisteralumni.com\/index.php?rest_route=%2Fwp%2Fv2%2Fcomments&post=209"}],"version-history":[{"count":15,"href":"https:\/\/medimeisteralumni.com\/index.php?rest_route=\/wp\/v2\/pages\/209\/revisions"}],"predecessor-version":[{"id":312,"href":"https:\/\/medimeisteralumni.com\/index.php?rest_route=\/wp\/v2\/pages\/209\/revisions\/312"}],"wp:attachment":[{"href":"https:\/\/medimeisteralumni.com\/index.php?rest_route=%2Fwp%2Fv2%2Fmedia&parent=209"}],"curies":[{"name":"wp","href":"https:\/\/api.w.org\/{rel}","templated":true}]}}