{"id":207,"date":"2025-07-08T20:49:28","date_gmt":"2025-07-08T18:49:28","guid":{"rendered":"https:\/\/medimeisteralumni.com\/?page_id=207"},"modified":"2025-07-08T21:46:18","modified_gmt":"2025-07-08T19:46:18","slug":"fortbildungen","status":"publish","type":"page","link":"https:\/\/medimeisteralumni.com\/?page_id=207","title":{"rendered":"Fortbildungen"},"content":{"rendered":"\t\t<div data-elementor-type=\"wp-page\" data-elementor-id=\"207\" class=\"elementor elementor-207\" data-elementor-post-type=\"page\">\n\t\t\t\t<div class=\"elementor-element elementor-element-622051b e-flex e-con-boxed e-con e-parent\" data-id=\"622051b\" data-element_type=\"container\" data-e-type=\"container\">\n\t\t\t\t\t<div class=\"e-con-inner\">\n\t\t\t\t<div class=\"elementor-element elementor-element-e38e289 elementor-widget elementor-widget-text-editor\" data-id=\"e38e289\" data-element_type=\"widget\" data-e-type=\"widget\" data-widget_type=\"text-editor.default\">\n\t\t\t\t<div class=\"elementor-widget-container\">\n\t\t\t\t\t\t\t\t\t<h3 data-start=\"102\" data-end=\"195\"><strong>Fortbildungen und Workshops zum erfolgreichen Berufseinstieg im Gesundheitswesen<br \/><\/strong><\/h3><hr data-start=\"229\" data-end=\"232\" \/><p>Der Einstieg in das medizinische Berufsleben ist f\u00fcr viele Absolvent:innen eine spannende, aber auch herausfordernde Phase. Unser Verein \u201eMedimeister Alumni\u201c unterst\u00fctzt angehende \u00c4rzt:innen und Gesundheitsfachkr\u00e4fte mit speziell konzipierten Fortbildungen und Workshops, die praxisnah auf die Anforderungen der Klinik- und Krankenhausarbeit vorbereiten.<\/p><p data-start=\"573\" data-end=\"597\"><strong data-start=\"573\" data-end=\"595\">Ziele und Inhalte:<\/strong><\/p><ul data-start=\"598\" data-end=\"1176\"><li data-start=\"598\" data-end=\"745\"><p data-start=\"600\" data-end=\"745\">Vermittlung von Kompetenzen rund um den Bewerbungsprozess, inklusive Strategien zur Bewerbung, Vorstellungsgespr\u00e4chen und Vertragsverhandlungen<\/p><\/li><li data-start=\"746\" data-end=\"871\"><p data-start=\"748\" data-end=\"871\">Einf\u00fchrung in die organisatorischen Abl\u00e4ufe in Kliniken und Praxen, um den Arbeitsalltag sicher und effizient zu meistern<\/p><\/li><li data-start=\"872\" data-end=\"964\"><p data-start=\"874\" data-end=\"964\">Training zu modernen Kommunikationstechniken und Teamarbeit im interdisziplin\u00e4ren Umfeld<\/p><\/li><li data-start=\"965\" data-end=\"1073\"><p data-start=\"967\" data-end=\"1073\">Sensibilisierung f\u00fcr digitale Tools und Anwendungen, die im Klinikalltag zunehmend an Bedeutung gewinnen<\/p><\/li><li data-start=\"1074\" data-end=\"1176\"><p data-start=\"1076\" data-end=\"1176\">Praxisorientierte Workshops zu Themen wie Notfallmanagement, Dokumentation und Qualit\u00e4tsmanagement<\/p><\/li><\/ul><p data-start=\"1178\" data-end=\"1210\"><strong data-start=\"1178\" data-end=\"1208\">Vorteile f\u00fcr Teilnehmende:<\/strong><\/p><ul data-start=\"1211\" data-end=\"1480\"><li data-start=\"1211\" data-end=\"1273\"><p data-start=\"1213\" data-end=\"1273\">Direkter Austausch mit erfahrenen Fachkr\u00e4ften und Mentoren<\/p><\/li><li data-start=\"1274\" data-end=\"1328\"><p data-start=\"1276\" data-end=\"1328\">Vermittlung von Insiderwissen aus dem Klinikalltag<\/p><\/li><li data-start=\"1329\" data-end=\"1410\"><p data-start=\"1331\" data-end=\"1410\">Netzwerkbildung mit Gleichgesinnten bereits in der Studien- oder Anfangsphase<\/p><\/li><li data-start=\"1411\" data-end=\"1480\"><p data-start=\"1413\" data-end=\"1480\">Zugang zu weiterf\u00fchrenden Programmen und individuellen Beratungen<\/p><\/li><\/ul><p data-start=\"1482\" data-end=\"1869\"><strong data-start=\"1482\" data-end=\"1506\">Zukunftsperspektive:<\/strong><br data-start=\"1506\" data-end=\"1509\" \/>Basierend auf den positiven Erfahrungen bei den Medimeisterschaften 2024 werden wir dieses Angebot kontinuierlich ausbauen und an die aktuellen Bed\u00fcrfnisse der Berufsanf\u00e4nger:innen anpassen. Mit dem Fokus auf digitale und interdisziplin\u00e4re Kompetenzen wollen wir so die bestm\u00f6gliche Unterst\u00fctzung f\u00fcr einen gelungenen Start in die medizinische Karriere bieten.<\/p>\t\t\t\t\t\t\t\t<\/div>\n\t\t\t\t<\/div>\n\t\t\t\t\t<\/div>\n\t\t\t\t<\/div>\n\t\t\t\t<\/div>\n\t\t","protected":false},"excerpt":{"rendered":"<p>Fortbildungen und Workshops zum erfolgreichen Berufseinstieg im Gesundheitswesen Der Einstieg in das medizinische Berufsleben ist f\u00fcr viele Absolvent:innen eine spannende, aber auch herausfordernde Phase. Unser Verein \u201eMedimeister Alumni\u201c unterst\u00fctzt angehende \u00c4rzt:innen und Gesundheitsfachkr\u00e4fte mit speziell konzipierten Fortbildungen und Workshops, die praxisnah auf die Anforderungen der Klinik- und Krankenhausarbeit vorbereiten. Ziele und Inhalte: Vermittlung von Kompetenzen [&hellip;]<\/p>\n","protected":false},"author":1,"featured_media":0,"parent":0,"menu_order":0,"comment_status":"closed","ping_status":"closed","template":"","meta":{"footnotes":""},"class_list":["post-207","page","type-page","status-publish","hentry"],"_links":{"self":[{"href":"https:\/\/medimeisteralumni.com\/index.php?rest_route=\/wp\/v2\/pages\/207","targetHints":{"allow":["GET"]}}],"collection":[{"href":"https:\/\/medimeisteralumni.com\/index.php?rest_route=\/wp\/v2\/pages"}],"about":[{"href":"https:\/\/medimeisteralumni.com\/index.php?rest_route=\/wp\/v2\/types\/page"}],"author":[{"embeddable":true,"href":"https:\/\/medimeisteralumni.com\/index.php?rest_route=\/wp\/v2\/users\/1"}],"replies":[{"embeddable":true,"href":"https:\/\/medimeisteralumni.com\/index.php?rest_route=%2Fwp%2Fv2%2Fcomments&post=207"}],"version-history":[{"count":13,"href":"https:\/\/medimeisteralumni.com\/index.php?rest_route=\/wp\/v2\/pages\/207\/revisions"}],"predecessor-version":[{"id":309,"href":"https:\/\/medimeisteralumni.com\/index.php?rest_route=\/wp\/v2\/pages\/207\/revisions\/309"}],"wp:attachment":[{"href":"https:\/\/medimeisteralumni.com\/index.php?rest_route=%2Fwp%2Fv2%2Fmedia&parent=207"}],"curies":[{"name":"wp","href":"https:\/\/api.w.org\/{rel}","templated":true}]}}