{"id":2,"date":"2025-05-23T07:58:02","date_gmt":"2025-05-23T05:58:02","guid":{"rendered":"https:\/\/medimeisteralumni.com\/?page_id=2"},"modified":"2026-02-01T22:19:32","modified_gmt":"2026-02-01T21:19:32","slug":"beispiel-seite","status":"publish","type":"page","link":"https:\/\/medimeisteralumni.com\/","title":{"rendered":"Medimeister Alumni e.V."},"content":{"rendered":"\t\t<div data-elementor-type=\"wp-page\" data-elementor-id=\"2\" class=\"elementor elementor-2\" data-elementor-post-type=\"page\">\n\t\t\t\t<div class=\"elementor-element elementor-element-5ef1b878 e-flex e-con-boxed e-con e-parent\" data-id=\"5ef1b878\" data-element_type=\"container\" data-e-type=\"container\">\n\t\t\t\t\t<div class=\"e-con-inner\">\n\t\t\t\t<div class=\"elementor-element elementor-element-1f0822b9 elementor-widget elementor-widget-text-editor\" data-id=\"1f0822b9\" data-element_type=\"widget\" data-e-type=\"widget\" data-widget_type=\"text-editor.default\">\n\t\t\t\t<div class=\"elementor-widget-container\">\n\t\t\t\t\t\t\t\t\t<p>Willkommen auf der neuen Medimeister Alumni e.V. Webseite!<\/p><p>Das werden wir EUCH bieten:<\/p><ul><li data-start=\"82\" data-end=\"317\"><p data-start=\"85\" data-end=\"317\"><strong data-start=\"85\" data-end=\"124\">F\u00f6rderung von Forschung und Bildung<\/strong>: Der Verein unterst\u00fctzt Forschungsprojekte im Bereich Medizin und Gesundheitswesen und organisiert Weiterbildungsveranstaltungen, Seminare und Workshops f\u00fcr Fachpersonal und die Allgemeinheit.<\/p><\/li><li data-start=\"319\" data-end=\"533\"><p data-start=\"322\" data-end=\"533\"><strong data-start=\"322\" data-end=\"362\">Gesundheitsaufkl\u00e4rung und Pr\u00e4vention<\/strong>: Der Verein entwickelt Informationsmaterialien und -kampagnen zur Gesundheitsaufkl\u00e4rung und Pr\u00e4vention und f\u00f6rdert Ma\u00dfnahmen zur Verbesserung der \u00f6ffentlichen Gesundheit.<\/p><\/li><li data-start=\"535\" data-end=\"762\"><p data-start=\"538\" data-end=\"762\"><strong data-start=\"538\" data-end=\"573\">Kooperation und Netzwerkbildung<\/strong>: Der Verein arbeitet mit gemeinn\u00fctzigen Organisationen, \u00f6ffentlichen Einrichtungen und dem privaten Sektor zusammen, um die Effizienz und Reichweite der Gesundheitsf\u00f6rderung zu maximieren.<\/p><\/li><\/ul>\t\t\t\t\t\t\t\t<\/div>\n\t\t\t\t<\/div>\n\t\t\t\t\t<\/div>\n\t\t\t\t<\/div>\n\t\t<div class=\"elementor-element elementor-element-9c5c343 e-flex e-con-boxed e-con e-parent\" data-id=\"9c5c343\" data-element_type=\"container\" data-e-type=\"container\">\n\t\t\t\t\t<div class=\"e-con-inner\">\n\t\t\t\t<div class=\"elementor-element elementor-element-29f7be5 elementor-cta--skin-cover elementor-animated-content elementor-bg-transform elementor-bg-transform-zoom-in elementor-widget elementor-widget-call-to-action\" data-id=\"29f7be5\" data-element_type=\"widget\" data-e-type=\"widget\" data-widget_type=\"call-to-action.default\">\n\t\t\t\t<div class=\"elementor-widget-container\">\n\t\t\t\t\t\t\t<a class=\"elementor-cta\" href=\"https:\/\/medimeisteralumni.com\/?page_id=337\" target=\"_blank\">\n\t\t\t\t\t<div class=\"elementor-cta__bg-wrapper\">\n\t\t\t\t<div class=\"elementor-cta__bg elementor-bg\" style=\"background-image: url(https:\/\/medimeisteralumni.com\/wp-content\/uploads\/2025\/12\/PHOTO-2025-11-04-16-50-29-e1766490470269.jpg);\" role=\"img\" aria-label=\"PHOTO-2025-11-04-16-50-29\"><\/div>\n\t\t\t\t<div class=\"elementor-cta__bg-overlay\"><\/div>\n\t\t\t<\/div>\n\t\t\t\t\t\t\t<div class=\"elementor-cta__content\">\n\t\t\t\t\t\t\t\t\t<div class=\"elementor-content-item elementor-cta__content-item elementor-icon-wrapper elementor-cta__icon elementor-view-stacked elementor-shape-circle elementor-animated-item--grow\">\n\t\t\t\t\t\t<div class=\"elementor-icon\">\n\t\t\t\t\t\t\t<svg aria-hidden=\"true\" class=\"e-font-icon-svg e-far-futbol\" viewBox=\"0 0 496 512\" xmlns=\"http:\/\/www.w3.org\/2000\/svg\"><path d=\"M483.8 179.4C449.8 74.6 352.6 8 248.1 8c-25.4 0-51.2 3.9-76.7 12.2C41.2 62.5-30.1 202.4 12.2 332.6 46.2 437.4 143.4 504 247.9 504c25.4 0 51.2-3.9 76.7-12.2 130.2-42.3 201.5-182.2 159.2-312.4zm-74.5 193.7l-52.2 6.4-43.7-60.9 24.4-75.2 71.1-22.1 38.9 36.4c-.2 30.7-7.4 61.1-21.7 89.2-4.7 9.3-10.7 17.8-16.8 26.2zm0-235.4l-10.4 53.1-70.7 22-64.2-46.5V92.5l47.4-26.2c39.2 13 73.4 38 97.9 71.4zM184.9 66.4L232 92.5v73.8l-64.2 46.5-70.6-22-10.1-52.5c24.3-33.4 57.9-58.6 97.8-71.9zM139 379.5L85.9 373c-14.4-20.1-37.3-59.6-37.8-115.3l39-36.4 71.1 22.2 24.3 74.3-43.5 61.7zm48.2 67l-22.4-48.1 43.6-61.7H287l44.3 61.7-22.4 48.1c-6.2 1.8-57.6 20.4-121.7 0z\"><\/path><\/svg>\t\t\t\t\t\t<\/div>\n\t\t\t\t\t<\/div>\n\t\t\t\t\n\t\t\t\t\t\t\t\t\t<h2 class=\"elementor-cta__title elementor-cta__content-item elementor-content-item elementor-animated-item--grow\">\n\t\t\t\t\t\tMedis 2026\t\t\t\t\t<\/h2>\n\t\t\t\t\n\t\t\t\t\t\t\t\t\t<div class=\"elementor-cta__description elementor-cta__content-item elementor-content-item elementor-animated-item--grow\">\n\t\t\t\t\t\tHier geht\u00b4s lange f\u00fcr aktuelle Infos\t\t\t\t\t<\/div>\n\t\t\t\t\n\t\t\t\t\t\t\t<\/div>\n\t\t\t\t\t\t<\/a>\n\t\t\t\t\t\t<\/div>\n\t\t\t\t<\/div>\n\t\t\t\t\t<\/div>\n\t\t\t\t<\/div>\n\t\t<div class=\"elementor-element elementor-element-d900fdc e-flex e-con-boxed e-con e-parent\" data-id=\"d900fdc\" data-element_type=\"container\" data-e-type=\"container\" data-settings=\"{&quot;background_background&quot;:&quot;classic&quot;}\">\n\t\t\t\t\t<div class=\"e-con-inner\">\n\t\t\t\t<div class=\"elementor-element elementor-element-bff9c10 elementor-widget__width-initial elementor-widget elementor-widget-elementskit-heading\" data-id=\"bff9c10\" data-element_type=\"widget\" data-e-type=\"widget\" data-widget_type=\"elementskit-heading.default\">\n\t\t\t\t<div class=\"elementor-widget-container\">\n\t\t\t\t\t<div class=\"ekit-wid-con\" ><div class=\"ekit-heading elementskit-section-title-wraper center   ekit_heading_tablet-   ekit_heading_mobile-\"><h2 class=\"ekit-heading--title elementskit-section-title \">Unsere <span>Mission<\/span><\/h2><\/div><\/div>\t\t\t\t<\/div>\n\t\t\t\t<\/div>\n\t\t<div class=\"elementor-element elementor-element-88bf4b4 e-con-full e-grid e-con e-child\" data-id=\"88bf4b4\" data-element_type=\"container\" data-e-type=\"container\">\n\t\t\t\t<div class=\"elementor-element elementor-element-48523a6 ekit-equal-height-disable elementor-widget elementor-widget-elementskit-icon-box\" data-id=\"48523a6\" data-element_type=\"widget\" data-e-type=\"widget\" data-widget_type=\"elementskit-icon-box.default\">\n\t\t\t\t<div class=\"elementor-widget-container\">\n\t\t\t\t\t<div class=\"ekit-wid-con\" >        <!-- link opening -->\n                <!-- end link opening -->\n\n        <div class=\"elementskit-infobox text- text-left icon-lef-right-aligin elementor-animation- media  \">\n                    <div class=\"elementskit-box-header elementor-animation-\">\n                <div class=\"elementskit-info-box-icon  text-center\">\n                    <i aria-hidden=\"true\" class=\"elementkit-infobox-icon icon icon-layers1\"><\/i>\n                <\/div>\n          <\/div>\n                        <div class=\"box-body\">\n                            <h3 class=\"elementskit-info-box-title\">\n                    Fortbildungen                <\/h3>\n                        \t\t  \t<p>Fortbildungen und Workshops zum Berufseinstieg<\/p>\n                                        <div class=\"box-footer enable_hover_btn\">\n                    <div class=\"btn-wraper\">\n                                                            <a class=\"elementskit-btn whitespace--normal\" href=\"https:\/\/medimeisteralumni.com\/?page_id=207\">\n                                                                                mehr                                    <\/a>\n                                                        <\/div>\n                <\/div>\n                    <\/div>\n        \n        \n                <\/div>\n        <\/div>\t\t\t\t<\/div>\n\t\t\t\t<\/div>\n\t\t\t\t<div class=\"elementor-element elementor-element-e04cc01 ekit-equal-height-disable elementor-widget elementor-widget-elementskit-icon-box\" data-id=\"e04cc01\" data-element_type=\"widget\" data-e-type=\"widget\" data-widget_type=\"elementskit-icon-box.default\">\n\t\t\t\t<div class=\"elementor-widget-container\">\n\t\t\t\t\t<div class=\"ekit-wid-con\" >        <!-- link opening -->\n                <!-- end link opening -->\n\n        <div class=\"elementskit-infobox text- text-left icon-lef-right-aligin elementor-animation- media  \">\n                    <div class=\"elementskit-box-header elementor-animation-\">\n                <div class=\"elementskit-info-box-icon  text-center\">\n                    <i aria-hidden=\"true\" class=\"elementkit-infobox-icon fasicon icon-flash-1\"><\/i>\n                <\/div>\n          <\/div>\n                        <div class=\"box-body\">\n                            <h3 class=\"elementskit-info-box-title\">\n                    Mentoren                <\/h3>\n                        \t\t  \t<p>Mentorenprogramm f\u00fcr Medizinstudierende<\/p>\n                                        <div class=\"box-footer enable_hover_btn\">\n                    <div class=\"btn-wraper\">\n                                                            <a class=\"elementskit-btn whitespace--normal\" href=\"https:\/\/medimeisteralumni.com\/?page_id=209\">\n                                                                                mehr                                    <\/a>\n                                                        <\/div>\n                <\/div>\n                    <\/div>\n        \n        \n                <\/div>\n        <\/div>\t\t\t\t<\/div>\n\t\t\t\t<\/div>\n\t\t\t\t<div class=\"elementor-element elementor-element-253232b ekit-equal-height-disable elementor-widget elementor-widget-elementskit-icon-box\" data-id=\"253232b\" data-element_type=\"widget\" data-e-type=\"widget\" data-widget_type=\"elementskit-icon-box.default\">\n\t\t\t\t<div class=\"elementor-widget-container\">\n\t\t\t\t\t<div class=\"ekit-wid-con\" >        <!-- link opening -->\n                <!-- end link opening -->\n\n        <div class=\"elementskit-infobox text- text-left icon-lef-right-aligin elementor-animation- media  \">\n                    <div class=\"elementskit-box-header elementor-animation-\">\n                <div class=\"elementskit-info-box-icon  text-center\">\n                    <i aria-hidden=\"true\" class=\"elementkit-infobox-icon icon icon-timing\"><\/i>\n                <\/div>\n          <\/div>\n                        <div class=\"box-body\">\n                            <h3 class=\"elementskit-info-box-title\">\n                    Beratung                <\/h3>\n                        \t\t  \t<p>Beratungsangebote f\u00fcr Berufsanf\u00e4nger<\/p>\n                                        <div class=\"box-footer enable_hover_btn\">\n                    <div class=\"btn-wraper\">\n                                                            <a class=\"elementskit-btn whitespace--normal\" href=\"https:\/\/medimeisteralumni.com\/?page_id=213\">\n                                                                                mehr                                    <\/a>\n                                                        <\/div>\n                <\/div>\n                    <\/div>\n        \n        \n                <\/div>\n        <\/div>\t\t\t\t<\/div>\n\t\t\t\t<\/div>\n\t\t\t\t<div class=\"elementor-element elementor-element-325ef06 ekit-equal-height-disable elementor-widget elementor-widget-elementskit-icon-box\" data-id=\"325ef06\" data-element_type=\"widget\" data-e-type=\"widget\" data-widget_type=\"elementskit-icon-box.default\">\n\t\t\t\t<div class=\"elementor-widget-container\">\n\t\t\t\t\t<div class=\"ekit-wid-con\" >        <!-- link opening -->\n                <!-- end link opening -->\n\n        <div class=\"elementskit-infobox text- text-left icon-lef-right-aligin elementor-animation- media  \">\n                    <div class=\"elementskit-box-header elementor-animation-\">\n                <div class=\"elementskit-info-box-icon  text-center\">\n                    <i aria-hidden=\"true\" class=\"elementkit-infobox-icon icon icon-settings1\"><\/i>\n                <\/div>\n          <\/div>\n                        <div class=\"box-body\">\n                            <h3 class=\"elementskit-info-box-title\">\n                    Plattform                <\/h3>\n                        \t\t  \t<p>Online-Plattform (Wissensportal f\u00fcr Berufseinsteiger) <\/p>\n                                        <div class=\"box-footer enable_hover_btn\">\n                    <div class=\"btn-wraper\">\n                                                            <a class=\"elementskit-btn whitespace--normal\" href=\"https:\/\/medimeisteralumni.com\/?page_id=215\">\n                                                                                mehr                                    <\/a>\n                                                        <\/div>\n                <\/div>\n                    <\/div>\n        \n        \n                <\/div>\n        <\/div>\t\t\t\t<\/div>\n\t\t\t\t<\/div>\n\t\t\t\t<div class=\"elementor-element elementor-element-2d952b3 ekit-equal-height-disable elementor-widget elementor-widget-elementskit-icon-box\" data-id=\"2d952b3\" data-element_type=\"widget\" data-e-type=\"widget\" data-widget_type=\"elementskit-icon-box.default\">\n\t\t\t\t<div class=\"elementor-widget-container\">\n\t\t\t\t\t<div class=\"ekit-wid-con\" >        <!-- link opening -->\n                <!-- end link opening -->\n\n        <div class=\"elementskit-infobox text- text-left icon-lef-right-aligin elementor-animation- media  \">\n                    <div class=\"elementskit-box-header elementor-animation-\">\n                <div class=\"elementskit-info-box-icon  text-center\">\n                    <i aria-hidden=\"true\" class=\"elementkit-infobox-icon fasicon icon-search2\"><\/i>\n                <\/div>\n          <\/div>\n                        <div class=\"box-body\">\n                            <h3 class=\"elementskit-info-box-title\">\n                    Unterst\u00fctzung                <\/h3>\n                        \t\t  \t<p>Unterst\u00fctzung bei wissenschaftlichem Arbeiten (Seminare, Doktorarbeiten)<\/p>\n                                        <div class=\"box-footer enable_hover_btn\">\n                    <div class=\"btn-wraper\">\n                                                            <a class=\"elementskit-btn whitespace--normal\" href=\"https:\/\/medimeisteralumni.com\/?page_id=217\">\n                                                                                mehr                                    <\/a>\n                                                        <\/div>\n                <\/div>\n                    <\/div>\n        \n        \n                <\/div>\n        <\/div>\t\t\t\t<\/div>\n\t\t\t\t<\/div>\n\t\t\t\t<div class=\"elementor-element elementor-element-6046405 ekit-equal-height-disable elementor-widget elementor-widget-elementskit-icon-box\" data-id=\"6046405\" data-element_type=\"widget\" data-e-type=\"widget\" data-widget_type=\"elementskit-icon-box.default\">\n\t\t\t\t<div class=\"elementor-widget-container\">\n\t\t\t\t\t<div class=\"ekit-wid-con\" >        <!-- link opening -->\n                <!-- end link opening -->\n\n        <div class=\"elementskit-infobox text- text-left icon-lef-right-aligin elementor-animation- media  \">\n                    <div class=\"elementskit-box-header elementor-animation-\">\n                <div class=\"elementskit-info-box-icon  text-center\">\n                    <i aria-hidden=\"true\" class=\"elementkit-infobox-icon icon icon-communication\"><\/i>\n                <\/div>\n          <\/div>\n                        <div class=\"box-body\">\n                            <h3 class=\"elementskit-info-box-title\">\n                    Community                <\/h3>\n                        \t\t  \t<p>Aufbau einer bundesweiten Community<\/p>\n                                        <div class=\"box-footer enable_hover_btn\">\n                    <div class=\"btn-wraper\">\n                                                            <a class=\"elementskit-btn whitespace--normal\" href=\"https:\/\/medimeisteralumni.com\/?page_id=280\">\n                                                                                mehr                                    <\/a>\n                                                        <\/div>\n                <\/div>\n                    <\/div>\n        \n        \n                <\/div>\n        <\/div>\t\t\t\t<\/div>\n\t\t\t\t<\/div>\n\t\t\t\t<div class=\"elementor-element elementor-element-3442685 ekit-equal-height-disable elementor-widget elementor-widget-elementskit-icon-box\" data-id=\"3442685\" data-element_type=\"widget\" data-e-type=\"widget\" data-widget_type=\"elementskit-icon-box.default\">\n\t\t\t\t<div class=\"elementor-widget-container\">\n\t\t\t\t\t<div class=\"ekit-wid-con\" >        <!-- link opening -->\n                <!-- end link opening -->\n\n        <div class=\"elementskit-infobox text- text-left icon-lef-right-aligin elementor-animation- media  \">\n                    <div class=\"elementskit-box-header elementor-animation-\">\n                <div class=\"elementskit-info-box-icon  text-center\">\n                    <i aria-hidden=\"true\" class=\"elementkit-infobox-icon icon icon-comment\"><\/i>\n                <\/div>\n          <\/div>\n                        <div class=\"box-body\">\n                            <h3 class=\"elementskit-info-box-title\">\n                    Aufkl\u00e4rung                <\/h3>\n                        \t\t  \t<p>Medizinische Aufkl\u00e4rung und Pr\u00e4ventionsarbeit<\/p>\n                                        <div class=\"box-footer enable_hover_btn\">\n                    <div class=\"btn-wraper\">\n                                                            <a class=\"elementskit-btn whitespace--normal\" href=\"https:\/\/medimeisteralumni.com\/?page_id=219\">\n                                                                                mehr                                    <\/a>\n                                                        <\/div>\n                <\/div>\n                    <\/div>\n        \n        \n                <\/div>\n        <\/div>\t\t\t\t<\/div>\n\t\t\t\t<\/div>\n\t\t\t\t<\/div>\n\t\t\t\t\t<\/div>\n\t\t\t\t<\/div>\n\t\t<div class=\"elementor-element elementor-element-42df3cc e-flex e-con-boxed e-con e-parent\" data-id=\"42df3cc\" data-element_type=\"container\" data-e-type=\"container\">\n\t\t\t\t\t<div class=\"e-con-inner\">\n\t\t\t\t<div class=\"elementor-element elementor-element-0a7a436 elementor-widget elementor-widget-text-editor\" data-id=\"0a7a436\" data-element_type=\"widget\" data-e-type=\"widget\" data-widget_type=\"text-editor.default\">\n\t\t\t\t<div class=\"elementor-widget-container\">\n\t\t\t\t\t\t\t\t\t<p><em>Unser Satzungszweck<\/em><\/p><p><strong>\u00a7 2 (Zweck)<\/strong><br \/>1. Der Zweck des Vereins ist die F\u00f6rderung von Volks- und Berufsbildung einschlie\u00dflich der Studentenhilfe.<br \/>Der Satzungszweck wird verwirklicht durch:<br \/>&#8211; die Durchf\u00fchrung und Unterst\u00fctzung von Forschungsprojekten in den Bereichen Medizin und Gesundheitswesen<br \/>&#8211; Organisation und F\u00f6rderung von Weiterbildungsveranstaltungen, Seminaren und Workshops f\u00fcr Fachpersonal im Gesundheitswesen sowie f\u00fcr die Allgemeinheit<br \/>&#8211; Entwicklung und Bereitstellung von Informationsmaterialien und -kampagnen zur Gesundheitsaufkl\u00e4rung und Pr\u00e4vention<br \/>&#8211; Zusammenarbeit mit anderen gemeinn\u00fctzigen Organisationen, \u00f6ffentlichen Einrichtungen und privaten Sektoren zur Maximierung der Effizient und Reichweite der Gesundheitsf\u00f6rderung und medizinische Hilfe<\/p><p>2. Der Verein verfolgt ausschlie\u00dflich und unmittelbar gemeinn\u00fctzige Zwecke im Sinne des Abschnitts \u201cSteuerbeg\u00fcnstigte Zwecke\u201c der Abgabenordnung.\u00a0<br \/>Der Verein ist selbstlos t\u00e4tig; er verfolgt nicht in erster Linie eigenwirtschaftliche Zwecke.<br \/>Mittel des Vereins d\u00fcrfen nur f\u00fcr die satzungsm\u00e4\u00dfigen Zwecke verwendet werden.\u00a0<br \/>Die\u00a0Mitglieder erhalten keine Zuwendungen aus Mitteln des Vereins. <br \/>Es darf keine Person durch Ausgaben, die dem Zweck der K\u00f6rperschaft fremd sind, oder durch unverh\u00e4ltnism\u00e4\u00dfig hohe Verg\u00fctungen beg\u00fcnstigt werden.<\/p>\t\t\t\t\t\t\t\t<\/div>\n\t\t\t\t<\/div>\n\t\t\t\t\t<\/div>\n\t\t\t\t<\/div>\n\t\t\t\t<section class=\"elementor-section elementor-top-section elementor-element elementor-element-a37f69d elementor-section-content-middle elementor-section-boxed elementor-section-height-default elementor-section-height-default\" data-id=\"a37f69d\" data-element_type=\"section\" data-e-type=\"section\" data-settings=\"{&quot;background_background&quot;:&quot;classic&quot;}\">\n\t\t\t\t\t\t\t<div class=\"elementor-background-overlay\"><\/div>\n\t\t\t\t\t\t\t<div class=\"elementor-container elementor-column-gap-default\">\n\t\t\t\t\t<div class=\"elementor-column elementor-col-50 elementor-top-column elementor-element elementor-element-dae2f5f\" data-id=\"dae2f5f\" data-element_type=\"column\" data-e-type=\"column\">\n\t\t\t<div class=\"elementor-widget-wrap elementor-element-populated\">\n\t\t\t\t\t\t<div class=\"elementor-element elementor-element-237e053 elementor-widget-tablet__width-initial elementor-widget elementor-widget-heading\" data-id=\"237e053\" data-element_type=\"widget\" data-e-type=\"widget\" data-widget_type=\"heading.default\">\n\t\t\t\t<div class=\"elementor-widget-container\">\n\t\t\t\t\t<h3 class=\"elementor-heading-title elementor-size-default\">Du bist Mediziner:in und interessiert?<\/h3>\t\t\t\t<\/div>\n\t\t\t\t<\/div>\n\t\t\t\t\t<\/div>\n\t\t<\/div>\n\t\t\t\t<div class=\"elementor-column elementor-col-50 elementor-top-column elementor-element elementor-element-53c9729\" data-id=\"53c9729\" data-element_type=\"column\" data-e-type=\"column\">\n\t\t\t<div class=\"elementor-widget-wrap elementor-element-populated\">\n\t\t\t\t\t\t<div class=\"elementor-element elementor-element-90d8375 elementor-align-right elementor-mobile-align-center elementor-widget elementor-widget-button\" data-id=\"90d8375\" data-element_type=\"widget\" data-e-type=\"widget\" data-widget_type=\"button.default\">\n\t\t\t\t<div class=\"elementor-widget-container\">\n\t\t\t\t\t\t\t\t\t<div class=\"elementor-button-wrapper\">\n\t\t\t\t\t<a class=\"elementor-button elementor-button-link elementor-size-md\" href=\"https:\/\/medimeisteralumni.com\/?page_id=164\">\n\t\t\t\t\t\t<span class=\"elementor-button-content-wrapper\">\n\t\t\t\t\t\t\t\t\t<span class=\"elementor-button-text\">Klicke hier!<\/span>\n\t\t\t\t\t<\/span>\n\t\t\t\t\t<\/a>\n\t\t\t\t<\/div>\n\t\t\t\t\t\t\t\t<\/div>\n\t\t\t\t<\/div>\n\t\t\t\t\t<\/div>\n\t\t<\/div>\n\t\t\t\t\t<\/div>\n\t\t<\/section>\n\t\t<div class=\"elementor-element elementor-element-2bd0277 e-flex e-con-boxed e-con e-parent\" data-id=\"2bd0277\" data-element_type=\"container\" data-e-type=\"container\">\n\t\t\t\t\t<div class=\"e-con-inner\">\n\t\t\t\t\t<\/div>\n\t\t\t\t<\/div>\n\t\t\t\t<\/div>\n\t\t","protected":false},"excerpt":{"rendered":"<p>Willkommen auf der neuen Medimeister Alumni e.V. Webseite! Das werden wir EUCH bieten: F\u00f6rderung von Forschung und Bildung: Der Verein unterst\u00fctzt Forschungsprojekte im Bereich Medizin und Gesundheitswesen und organisiert Weiterbildungsveranstaltungen, Seminare und Workshops f\u00fcr Fachpersonal und die Allgemeinheit. Gesundheitsaufkl\u00e4rung und Pr\u00e4vention: Der Verein entwickelt Informationsmaterialien und -kampagnen zur Gesundheitsaufkl\u00e4rung und Pr\u00e4vention und f\u00f6rdert Ma\u00dfnahmen zur [&hellip;]<\/p>\n","protected":false},"author":1,"featured_media":0,"parent":0,"menu_order":0,"comment_status":"closed","ping_status":"open","template":"","meta":{"footnotes":""},"class_list":["post-2","page","type-page","status-publish","hentry"],"_links":{"self":[{"href":"https:\/\/medimeisteralumni.com\/index.php?rest_route=\/wp\/v2\/pages\/2","targetHints":{"allow":["GET"]}}],"collection":[{"href":"https:\/\/medimeisteralumni.com\/index.php?rest_route=\/wp\/v2\/pages"}],"about":[{"href":"https:\/\/medimeisteralumni.com\/index.php?rest_route=\/wp\/v2\/types\/page"}],"author":[{"embeddable":true,"href":"https:\/\/medimeisteralumni.com\/index.php?rest_route=\/wp\/v2\/users\/1"}],"replies":[{"embeddable":true,"href":"https:\/\/medimeisteralumni.com\/index.php?rest_route=%2Fwp%2Fv2%2Fcomments&post=2"}],"version-history":[{"count":114,"href":"https:\/\/medimeisteralumni.com\/index.php?rest_route=\/wp\/v2\/pages\/2\/revisions"}],"predecessor-version":[{"id":405,"href":"https:\/\/medimeisteralumni.com\/index.php?rest_route=\/wp\/v2\/pages\/2\/revisions\/405"}],"wp:attachment":[{"href":"https:\/\/medimeisteralumni.com\/index.php?rest_route=%2Fwp%2Fv2%2Fmedia&parent=2"}],"curies":[{"name":"wp","href":"https:\/\/api.w.org\/{rel}","templated":true}]}}